{"id":124,"date":"2023-05-24T02:37:50","date_gmt":"2023-05-24T02:37:50","guid":{"rendered":"https:\/\/webshootco.com\/?page_id=124"},"modified":"2023-06-16T03:27:52","modified_gmt":"2023-06-16T03:27:52","slug":"home","status":"publish","type":"page","link":"https:\/\/webshootco.com\/fr\/","title":{"rendered":"domicile"},"content":{"rendered":"<section class=\"section dark has-scroll-for-more\" id=\"section_906365628\">\n\t\t<div class=\"section-bg fill\" >\n\t\t\t<img fetchpriority=\"high\" decoding=\"async\" width=\"2560\" height=\"2048\" src=\"https:\/\/webshootco.com\/wp-content\/uploads\/2023\/05\/mojtaba-mosayebzadeh-aQfpEQXbUiM-unsplash-scaled.jpg\" class=\"bg attachment- size-\" alt=\"\" \/>\t\t\t\t\t\t<div class=\"section-bg-overlay absolute fill\"><\/div><button class=\"scroll-for-more z-5 icon absolute bottom h-center\" aria-label=\"Scroll for more\"><i class=\"icon-angle-down\" aria-hidden=\"true\" style=\"font-size:42px;\"><\/i><\/button>\n\t\t\t\n\n\t\t<\/div>\n\n\t\t\n\n\t\t<div class=\"section-content relative\">\n\t\t\t\n\n<div class=\"row row-full-width\"  id=\"row-1423413812\">\n\n\n\t<div id=\"col-123789898\" class=\"col medium-9 small-11 large-8\"  >\n\t\t\t\t<div class=\"col-inner text-center\"  >\n\t\t\t\n\t\t\t\n\n\t<div id=\"text-3389809532\" class=\"text\">\n\t\t\n\n<h5 style=\"text-align: left;\">\u00a0Webs\u00e9ance<\/h5>\n<h1><span style=\"font-size: 170%;\">CONCEPTION WEB ET PHOTOGRAPHIE<\/span><\/h1>\n\t\t\n<style>\n#text-3389809532 {\n  text-align: left;\n}\n<\/style>\n\t<\/div>\n\t\n\t<div id=\"gap-62311926\" class=\"gap-element clearfix\" style=\"display:block; height:auto;\">\n\t\t\n<style>\n#gap-62311926 {\n  padding-top: 10px;\n}\n<\/style>\n\t<\/div>\n\t\n\n\n\t\t<\/div>\n\t\t\t\t\t<\/div>\n\n\t\n\n<\/div>\n\n\t\t<\/div>\n\n\t\t\n<style>\n#section_906365628 {\n  padding-top: 100px;\n  padding-bottom: 100px;\n  min-height: 800px;\n  background-color: rgb(120, 120, 120);\n}\n#section_906365628 .section-bg-overlay {\n  background-color: rgba(0, 0, 0, 0.29);\n}\n@media (min-width:550px) {\n  #section_906365628 {\n    padding-top: 30px;\n    padding-bottom: 30px;\n  }\n}\n<\/style>\n\t<\/section>\n\t\n\t<div id=\"gap-2114750563\" class=\"gap-element clearfix\" style=\"display:block; height:auto;\">\n\t\t\n<style>\n#gap-2114750563 {\n  padding-top: 30px;\n}\n<\/style>\n\t<\/div>\n\t\n\n\n\t<section class=\"section dark has-scroll-for-more\" id=\"section_1406706634\">\n\t\t<div class=\"section-bg fill\" >\n\t\t\t<img decoding=\"async\" width=\"2560\" height=\"1702\" src=\"https:\/\/webshootco.com\/wp-content\/uploads\/2023\/05\/joshua-aragon-FGXqbqbGt5o-unsplash-scaled-1.jpg\" class=\"bg attachment- size-\" alt=\"\" \/>\t\t\t\t\t\t<div class=\"section-bg-overlay absolute fill\"><\/div><button class=\"scroll-for-more z-5 icon absolute bottom h-center\" aria-label=\"Scroll for more\"><i class=\"icon-angle-down\" aria-hidden=\"true\" style=\"font-size:42px;\"><\/i><\/button>\n\t\t\t\n\n\t\t<\/div>\n\n\t\t\n\n\t\t<div class=\"section-content relative\">\n\t\t\t\n\n<div class=\"row row-full-width\"  id=\"row-1505336865\">\n\n\n\t<div id=\"col-225442575\" class=\"col medium-9 small-11 large-12\"  >\n\t\t\t\t<div class=\"col-inner text-center\"  >\n\t\t\t\n\t\t\t\n\n\t<div id=\"text-292706072\" class=\"text\">\n\t\t\n\n<h1 style=\"text-align: center;\"><span style=\"font-size: 170%;\">Conception. Code. Marque. Engager.<br \/><\/span><\/h1>\n\t\t\n<style>\n#text-292706072 {\n  font-size: 1.1rem;\n  text-align: center;\n}\n<\/style>\n\t<\/div>\n\t\n\t<div id=\"gap-2065983671\" class=\"gap-element clearfix\" style=\"display:block; height:auto;\">\n\t\t\n<style>\n#gap-2065983671 {\n  padding-top: 630px;\n}\n<\/style>\n\t<\/div>\n\t\n\n\t<div id=\"gap-1335550646\" class=\"gap-element clearfix\" style=\"display:block; height:auto;\">\n\t\t\n<style>\n#gap-1335550646 {\n  padding-top: 10px;\n}\n<\/style>\n\t<\/div>\n\t\n\n\n\t\t<\/div>\n\t\t\t\t\t<\/div>\n\n\t\n\n<\/div>\n\n\t\t<\/div>\n\n\t\t\n<style>\n#section_1406706634 {\n  padding-top: 100px;\n  padding-bottom: 100px;\n  min-height: 800px;\n  background-color: rgb(120, 120, 120);\n}\n#section_1406706634 .section-bg-overlay {\n  background-color: rgba(0, 0, 0, 0.29);\n}\n@media (min-width:550px) {\n  #section_1406706634 {\n    padding-top: 30px;\n    padding-bottom: 30px;\n  }\n}\n<\/style>\n\t<\/section>\n\t\n\n\t<section class=\"section\" id=\"section_1289290723\">\n\t\t<div class=\"section-bg fill\" >\n\t\t\t\t\t\t\t\t\t\n\t\t\t\n\n\t\t<\/div>\n\n\t\t\n\n\t\t<div class=\"section-content relative\">\n\t\t\t\n\n<div class=\"row\"  id=\"row-177631896\">\n\n\n\t<div id=\"col-1816277508\" class=\"col small-12 large-12\"  >\n\t\t\t\t<div class=\"col-inner\" style=\"background-color:rgb(250, 250, 250);\" >\n\t\t\t\n\t\t\t\n\n<div class=\"row row-collapse align-middle\"  id=\"row-807036437\">\n\n\n\t<div id=\"col-862982715\" class=\"col medium-6 small-12 large-6\"  >\n\t\t\t\t<div class=\"col-inner\"  >\n\t\t\t\n\t\t\t\n\n\n  <div class=\"banner has-hover\" id=\"banner-1998431869\">\n          <div class=\"banner-inner fill\">\n        <div class=\"banner-bg fill\" >\n            <img decoding=\"async\" width=\"1020\" height=\"609\" src=\"https:\/\/webshootco.com\/wp-content\/uploads\/2023\/05\/React_NodeJS-1024x611.jpg\" class=\"bg attachment-large size-large\" alt=\"\" \/>                                    \n                    <\/div>\n\t\t\n        <div class=\"banner-layers container\">\n            <div class=\"fill banner-link\"><\/div>            \n\n   <div id=\"text-box-259831927\" class=\"text-box banner-layer x50 md-x50 lg-x50 y50 md-y50 lg-y50 res-text\">\n                                <div class=\"text-box-content text dark\">\n              \n              <div class=\"text-inner text-center\">\n                  \n\n\n              <\/div>\n           <\/div>\n                            \n<style>\n#text-box-259831927 {\n  width: 60%;\n}\n#text-box-259831927 .text-box-content {\n  font-size: 100%;\n}\n@media (min-width:550px) {\n  #text-box-259831927 {\n    width: 60%;\n  }\n}\n<\/style>\n    <\/div>\n \n\n        <\/div>\n      <\/div>\n\n            \n<style>\n#banner-1998431869 {\n  padding-top: 99.99%;\n  background-color: rgb(250, 250, 250);\n}\n<\/style>\n  <\/div>\n\n\n\n\t\t<\/div>\n\t\t\t\t\t<\/div>\n\n\t\n\n\t<div id=\"col-1120022505\" class=\"col medium-6 small-12 large-6\"  >\n\t\t\t\t<div class=\"col-inner\"  >\n\t\t\t\n\t\t\t\n\n<div class=\"row row-collapse\"  id=\"row-600928237\">\n\n\n\t<div id=\"col-409001144\" class=\"col small-12 large-12\"  >\n\t\t\t\t<div class=\"col-inner\"  >\n\t\t\t\n\t\t\t\n\n<p class=\"tag\">E-Commerce<\/p>\n<h2>TECHNOLOGIE MERN<\/h2>\n<div class=\"is-divider divider clearfix\" style=\"margin-top:10px;margin-bottom:10px;max-width:20px;height:2px;background-color:rgb(0, 0, 0);\"><\/div>\n\n<p>Nous concevons un site Web productif, attrayant et facile \u00e0 naviguer pour votre entreprise \u00e0 partir de notre agence de conception Web \u00e0 Montr\u00e9al. Si vous \u00eates \u00e0 la recherche d'un site Web de commerce \u00e9lectronique, reconcevez votre site Web ou souhaitez engager du trafic avec votre site Web, WebShoot est la meilleure agence de conception Web \u00e0 Montr\u00e9al pour votre entreprise.<\/p>\n\t<div id=\"gap-423922880\" class=\"gap-element clearfix\" style=\"display:block; height:auto;\">\n\t\t\n<style>\n#gap-423922880 {\n  padding-top: 30px;\n}\n<\/style>\n\t<\/div>\n\t\n\n<a href=\"https:\/\/github.com\/hparsa3\/React-Nod.js-Ecommerce-Project\" class=\"button secondary is-link\" >\n\t\t<span>More info<\/span>\n\t<i class=\"icon-angle-right\" aria-hidden=\"true\"><\/i><\/a>\n\n\n\n\t\t<\/div>\n\t\t\t\t\t<\/div>\n\n\t\n\n\n<style>\n#row-600928237 > .col > .col-inner {\n  padding: 40px 40px 40px 40px;\n}\n@media (min-width:550px) {\n  #row-600928237 > .col > .col-inner {\n    padding: 20px 40px 20px 40px;\n  }\n}\n@media (min-width:850px) {\n  #row-600928237 > .col > .col-inner {\n    padding: 0px 60px 0px 60px;\n  }\n}\n<\/style>\n<\/div>\n\n\t\t<\/div>\n\t\t\t\t\t<\/div>\n\n\t\n\n<\/div>\n\n\t\t<\/div>\n\t\t\t\t\t<\/div>\n\n\t\n\n<\/div>\n\t<div id=\"gap-348500523\" class=\"gap-element clearfix\" style=\"display:block; height:auto;\">\n\t\t\n<style>\n#gap-348500523 {\n  padding-top: 60px;\n}\n<\/style>\n\t<\/div>\n\t\n\n<div class=\"row\"  id=\"row-802760786\">\n\n\n\t<div id=\"col-1899807174\" class=\"col small-12 large-12\"  >\n\t\t\t\t<div class=\"col-inner\" style=\"background-color:rgb(250, 250, 250);\" >\n\t\t\t\n\t\t\t\n\n<div class=\"row row-collapse align-middle\"  id=\"row-1068450613\">\n\n\n\t<div id=\"col-2044758407\" class=\"col medium-6 small-12 large-6\"  >\n\t\t\t\t<div class=\"col-inner\"  >\n\t\t\t\n\t\t\t\n\n<div class=\"row row-collapse\"  id=\"row-255685261\">\n\n\n\t<div id=\"col-1246470953\" class=\"col small-12 large-12\"  >\n\t\t\t\t<div class=\"col-inner\"  >\n\t\t\t\n\t\t\t\n\n<p class=\"tag\">Entreprise de conception Web de confiance \u00e0 Montr\u00e9al<\/p>\n<h2>Nous r\u00e9pondons \u00e0 tous vos besoins de conception<\/h2>\n<div class=\"is-divider divider clearfix\" style=\"margin-top:10px;margin-bottom:10px;max-width:20px;height:2px;background-color:rgb(0, 0, 0);\"><\/div>\n\n<p>Dans le monde num\u00e9rique d'aujourd'hui, avoir un site Web est crucial pour que votre entreprise\/entreprise puisse acqu\u00e9rir des clients potentiels. WebShoot rend l'exp\u00e9rience de vos visiteurs inoubliable avec une conception Web personnalis\u00e9e exceptionnelle. Nous concevons non seulement votre site Web pour capturer votre public cible, mais concevons \u00e9galement des pr\u00e9sentations pour d\u00e9velopper votre entreprise.<\/p>\n\t<div id=\"gap-56556425\" class=\"gap-element clearfix\" style=\"display:block; height:auto;\">\n\t\t\n<style>\n#gap-56556425 {\n  padding-top: 30px;\n}\n<\/style>\n\t<\/div>\n\t\n\n\n\t\t<\/div>\n\t\t\t\t\t<\/div>\n\n\t\n\n\n<style>\n#row-255685261 > .col > .col-inner {\n  padding: 40px 40px 40px 40px;\n}\n@media (min-width:550px) {\n  #row-255685261 > .col > .col-inner {\n    padding: 20px 40px 20px 40px;\n  }\n}\n@media (min-width:850px) {\n  #row-255685261 > .col > .col-inner {\n    padding: 0px 60px 0px 60px;\n  }\n}\n<\/style>\n<\/div>\n\n\t\t<\/div>\n\t\t\t\t\t<\/div>\n\n\t\n\n\t<div id=\"col-1244626154\" class=\"col medium-6 small-12 large-6 small-col-first\"  >\n\t\t\t\t<div class=\"col-inner\"  >\n\t\t\t\n\t\t\t\n\n\n  <div class=\"banner has-hover\" id=\"banner-129978648\">\n          <div class=\"banner-inner fill\">\n        <div class=\"banner-bg fill\" >\n            <img loading=\"lazy\" decoding=\"async\" width=\"1000\" height=\"1000\" src=\"https:\/\/webshootco.com\/wp-content\/uploads\/2023\/05\/photo-1604964432806-254d07c11f32.jpg\" class=\"bg attachment-large size-large\" alt=\"\" \/>                                    \n                    <\/div>\n\t\t\n        <div class=\"banner-layers container\">\n            <div class=\"fill banner-link\"><\/div>            \n\n   <div id=\"text-box-348481136\" class=\"text-box banner-layer x50 md-x50 lg-x50 y50 md-y50 lg-y50 res-text\">\n                                <div class=\"text-box-content text dark\">\n              \n              <div class=\"text-inner text-center\">\n                  \n\n\n              <\/div>\n           <\/div>\n                            \n<style>\n#text-box-348481136 {\n  width: 60%;\n}\n#text-box-348481136 .text-box-content {\n  font-size: 100%;\n}\n@media (min-width:550px) {\n  #text-box-348481136 {\n    width: 60%;\n  }\n}\n<\/style>\n    <\/div>\n \n\n        <\/div>\n      <\/div>\n\n            \n<style>\n#banner-129978648 {\n  padding-top: 99.99%;\n  background-color: rgb(250, 250, 250);\n}\n<\/style>\n  <\/div>\n\n\n\n\t\t<\/div>\n\t\t\t\t\t<\/div>\n\n\t\n\n<\/div>\n\n\t\t<\/div>\n\t\t\t\t\t<\/div>\n\n\t\n\n<\/div>\n\n\t\t<\/div>\n\n\t\t\n<style>\n#section_1289290723 {\n  padding-top: 60px;\n  padding-bottom: 60px;\n}\n<\/style>\n\t<\/section>\n\t\n<div class=\"row\" style=\"max-width:1400px\" id=\"row-938308905\">\n\n\n\t<div id=\"col-1927884073\" class=\"col small-12 large-12\"  >\n\t\t\t\t<div class=\"col-inner\"  >\n\t\t\t\n\t\t\t\n\n\n\t<section class=\"section dark\" id=\"section_2095221151\">\n\t\t<div class=\"section-bg fill\" >\n\t\t\t<img loading=\"lazy\" decoding=\"async\" width=\"1500\" height=\"500\" src=\"https:\/\/webshootco.com\/wp-content\/uploads\/2023\/05\/Webp.net-compress-image-1500x500-1.jpg\" class=\"bg attachment- size-\" alt=\"\" \/>\t\t\t\t\t\t<div class=\"section-bg-overlay absolute fill\"><\/div>\n\t\t\t\n\n\t\t<\/div>\n\n\t\t\n\n\t\t<div class=\"section-content relative\">\n\t\t\t\n\n<div class=\"row row-collapse align-center\"  id=\"row-1089675484\">\n\n\n\t<div id=\"col-1468179208\" class=\"col medium-9 small-11 large-7\"  >\n\t\t\t\t<div class=\"col-inner text-center\"  >\n\t\t\t\n\t\t\t\n\n\n\t\t<div class=\"icon-box featured-box icon-box-center text-center\"  >\n\t\t\t\t\t<div class=\"icon-box-img\" style=\"width: 60px\">\n\t\t\t\t<div class=\"icon\">\n\t\t\t\t\t<div class=\"icon-inner\" >\n\t\t\t\t\t\t<img loading=\"lazy\" decoding=\"async\" width=\"300\" height=\"300\" src=\"https:\/\/webshootco.com\/wp-content\/uploads\/2023\/05\/left-quote-300x300.png\" class=\"attachment-medium size-medium\" alt=\"\" srcset=\"https:\/\/webshootco.com\/wp-content\/uploads\/2023\/05\/left-quote-300x300.png 300w, https:\/\/webshootco.com\/wp-content\/uploads\/2023\/05\/left-quote-100x100.png 100w, https:\/\/webshootco.com\/wp-content\/uploads\/2023\/05\/left-quote-510x510.png 510w, https:\/\/webshootco.com\/wp-content\/uploads\/2023\/05\/left-quote-150x150.png 150w, https:\/\/webshootco.com\/wp-content\/uploads\/2023\/05\/left-quote.png 512w\" sizes=\"(max-width: 300px) 100vw, 300px\" \/>\t\t\t\t\t<\/div>\n\t\t\t\t<\/div>\n\t\t\t<\/div>\n\t\t\t\t<div class=\"icon-box-text last-reset\">\n\t\t\t\t\t\t\t\t\t\n\n<h3><span style=\"font-size: 150%;\">Vous avez un projet en t\u00eate ?<br \/>\nR\u00e9servez votre consultation gratuite d\u00e8s aujourd'hui.<\/span><\/h3>\n\n\t\t<\/div>\n\t<\/div>\n\t\n\t\n\t<div id=\"gap-884231777\" class=\"gap-element clearfix\" style=\"display:block; height:auto;\">\n\t\t\n<style>\n#gap-884231777 {\n  padding-top: 30px;\n}\n<\/style>\n\t<\/div>\n\t\n\n<a class=\"button white is-outline\" style=\"padding:4px 40px 4px 40px;\">\n\t<i class=\"icon-star\" aria-hidden=\"true\"><\/i>\t<span>More reviews<\/span>\n\t<\/a>\n\n\n\n\t\t<\/div>\n\t\t\t\t\t<\/div>\n\n\t\n\n<\/div>\n\n\t\t<\/div>\n\n\t\t\n<style>\n#section_2095221151 {\n  padding-top: 80px;\n  padding-bottom: 80px;\n}\n#section_2095221151 .section-bg-overlay {\n  background-color: rgba(0, 0, 0, 0.33);\n}\n@media (min-width:550px) {\n  #section_2095221151 {\n    padding-top: 200px;\n    padding-bottom: 200px;\n  }\n}\n@media (min-width:850px) {\n  #section_2095221151 {\n    padding-top: 280px;\n    padding-bottom: 280px;\n  }\n}\n<\/style>\n\t<\/section>\n\t\n\n\t\t<\/div>\n\t\t\t\t\t<\/div>\n\n\t\n\n<\/div>\n\n\t<section class=\"section\" id=\"section_1995657597\">\n\t\t<div class=\"section-bg fill\" >\n\t\t\t\t\t\t\t\t\t\n\t\t\t\n\n\t\t<\/div>\n\n\t\t\n\n\t\t<div class=\"section-content relative\">\n\t\t\t\n\n<div class=\"row row-large\"  id=\"row-2026970940\">\n\n\n\t<div id=\"col-2110787563\" class=\"col medium-4 small-12 large-4\"  >\n\t\t\t\t<div class=\"col-inner text-center\"  >\n\t\t\t\n\t\t\t\n\n<h3>PHOTO<\/h3>\n<div class=\"row row-collapse align-center\"  id=\"row-422894443\">\n\n\n\t<div id=\"col-664196748\" class=\"col medium-9 small-12 large-9\"  >\n\t\t\t\t<div class=\"col-inner\"  >\n\t\t\t\n\t\t\t\n\n\n  <div class=\"banner has-hover\" id=\"banner-1872319492\">\n          <div class=\"banner-inner fill\">\n        <div class=\"banner-bg fill\" >\n            <img loading=\"lazy\" decoding=\"async\" width=\"540\" height=\"360\" src=\"https:\/\/webshootco.com\/wp-content\/uploads\/2023\/05\/360_F_296909738_dGzehr3198VDslyBCEsqvciAcYLcwbRP.jpg\" class=\"bg attachment-large size-large\" alt=\"\" \/>                                    \n                    <\/div>\n\t\t\n        <div class=\"banner-layers container\">\n            <a class=\"fill\" href=\"#\"><div class=\"fill banner-link\"><\/div><\/a>            \n\n\n        <\/div>\n      <\/div>\n\n              <div class=\"height-fix is-invisible\"><img loading=\"lazy\" decoding=\"async\" width=\"540\" height=\"360\" src=\"https:\/\/webshootco.com\/wp-content\/uploads\/2023\/05\/360_F_296909738_dGzehr3198VDslyBCEsqvciAcYLcwbRP.jpg\" class=\"attachment-large size-large\" alt=\"\" srcset=\"https:\/\/webshootco.com\/wp-content\/uploads\/2023\/05\/360_F_296909738_dGzehr3198VDslyBCEsqvciAcYLcwbRP.jpg 540w, https:\/\/webshootco.com\/wp-content\/uploads\/2023\/05\/360_F_296909738_dGzehr3198VDslyBCEsqvciAcYLcwbRP-510x340.jpg 510w, https:\/\/webshootco.com\/wp-content\/uploads\/2023\/05\/360_F_296909738_dGzehr3198VDslyBCEsqvciAcYLcwbRP-300x200.jpg 300w\" sizes=\"(max-width: 540px) 100vw, 540px\" \/><\/div>\n            \n<style>\n#banner-1872319492 {\n  background-color: rgb(250, 250, 250);\n}\n<\/style>\n  <\/div>\n\n\n\n\t\t<\/div>\n\t\t\t\t\n<style>\n#col-664196748 > .col-inner {\n  margin: 15px 0px 15px 0px;\n}\n<\/style>\n\t<\/div>\n\n\t\n\n<\/div>\n<a href=\"http:\/\/webshootco.com\/fr\/photography-2\/\" class=\"button secondary is-link\" >\n\t\t<span>Voir tout<\/span>\n\t<i class=\"icon-angle-right\" aria-hidden=\"true\"><\/i><\/a>\n\n\n\n\t\t<\/div>\n\t\t\t\t\t<\/div>\n\n\t\n\n\t<div id=\"col-752228175\" class=\"col medium-4 small-12 large-4\"  >\n\t\t\t\t<div class=\"col-inner text-center\"  >\n\t\t\t\n\t\t\t\n\n<h3>VIDEO<\/h3>\n<div class=\"row row-collapse align-center\"  id=\"row-1806307654\">\n\n\n\t<div id=\"col-1670978653\" class=\"col medium-9 small-12 large-9\"  >\n\t\t\t\t<div class=\"col-inner\"  >\n\t\t\t\n\t\t\t\n\n\n  <div class=\"banner has-hover\" id=\"banner-365636521\">\n          <div class=\"banner-inner fill\">\n        <div class=\"banner-bg fill\" >\n            <img loading=\"lazy\" decoding=\"async\" width=\"1020\" height=\"680\" src=\"https:\/\/webshootco.com\/wp-content\/uploads\/2023\/05\/certificate_filmvideo-1024x683.jpg\" class=\"bg attachment-large size-large\" alt=\"\" \/>                                    \n                    <\/div>\n\t\t\n        <div class=\"banner-layers container\">\n            <a class=\"fill\" href=\"#\"><div class=\"fill banner-link\"><\/div><\/a>            \n\n\n        <\/div>\n      <\/div>\n\n              <div class=\"height-fix is-invisible\"><img loading=\"lazy\" decoding=\"async\" width=\"1020\" height=\"680\" src=\"https:\/\/webshootco.com\/wp-content\/uploads\/2023\/05\/certificate_filmvideo-1024x683.jpg\" class=\"attachment-large size-large\" alt=\"\" srcset=\"https:\/\/webshootco.com\/wp-content\/uploads\/2023\/05\/certificate_filmvideo-1024x683.jpg 1024w, https:\/\/webshootco.com\/wp-content\/uploads\/2023\/05\/certificate_filmvideo-scaled-510x340.jpg 510w, https:\/\/webshootco.com\/wp-content\/uploads\/2023\/05\/certificate_filmvideo-300x200.jpg 300w, https:\/\/webshootco.com\/wp-content\/uploads\/2023\/05\/certificate_filmvideo-768x512.jpg 768w, https:\/\/webshootco.com\/wp-content\/uploads\/2023\/05\/certificate_filmvideo-1536x1024.jpg 1536w, https:\/\/webshootco.com\/wp-content\/uploads\/2023\/05\/certificate_filmvideo-2048x1365.jpg 2048w\" sizes=\"(max-width: 1020px) 100vw, 1020px\" \/><\/div>\n            \n<style>\n#banner-365636521 {\n  background-color: rgb(250, 250, 250);\n}\n<\/style>\n  <\/div>\n\n\n\n\t\t<\/div>\n\t\t\t\t\n<style>\n#col-1670978653 > .col-inner {\n  margin: 15px 0px 15px 0px;\n}\n<\/style>\n\t<\/div>\n\n\t\n\n<\/div>\n<a href=\"http:\/\/webshootco.com\/fr\/videography\/\" class=\"button secondary is-link\" >\n\t\t<span>Voir tout<\/span>\n\t<i class=\"icon-angle-right\" aria-hidden=\"true\"><\/i><\/a>\n\n\n\n\t\t<\/div>\n\t\t\t\t\t<\/div>\n\n\t\n\n\t<div id=\"col-719111142\" class=\"col medium-4 small-12 large-4\"  >\n\t\t\t\t<div class=\"col-inner text-center\"  >\n\t\t\t\n\t\t\t\n\n<h3>ENTREPRISE<\/h3>\n<div class=\"row row-collapse align-center\"  id=\"row-1067596160\">\n\n\n\t<div id=\"col-357036764\" class=\"col medium-9 small-12 large-9\"  >\n\t\t\t\t<div class=\"col-inner\"  >\n\t\t\t\n\t\t\t\n\n\n  <div class=\"banner has-hover\" id=\"banner-71876323\">\n          <div class=\"banner-inner fill\">\n        <div class=\"banner-bg fill\" >\n            <img loading=\"lazy\" decoding=\"async\" width=\"1280\" height=\"720\" src=\"https:\/\/webshootco.com\/wp-content\/uploads\/2023\/05\/level-up-your-photo-skills.jpg\" class=\"bg attachment-1536x1536 size-1536x1536\" alt=\"\" \/>                                    \n                    <\/div>\n\t\t\n        <div class=\"banner-layers container\">\n            <a class=\"fill\" href=\"#\"><div class=\"fill banner-link\"><\/div><\/a>            \n\n\n        <\/div>\n      <\/div>\n\n            \n<style>\n#banner-71876323 {\n  padding-top: 120px;\n  background-color: rgb(250, 250, 250);\n}\n<\/style>\n  <\/div>\n\n\n\n\t\t<\/div>\n\t\t\t\t\n<style>\n#col-357036764 > .col-inner {\n  margin: 15px 0px 15px 0px;\n}\n<\/style>\n\t<\/div>\n\n\t\n\n<\/div>\n<a href=\"http:\/\/webshootco.com\/fr\/business\/\" class=\"button secondary is-link\" >\n\t\t<span>Voir tout<\/span>\n\t<i class=\"icon-angle-right\" aria-hidden=\"true\"><\/i><\/a>\n\n\n\n\t\t<\/div>\n\t\t\t\t\t<\/div>\n\n\t\n\n\n<style>\n#row-2026970940 > .col > .col-inner {\n  padding: 30px 30px 30px 30px;\n  background-color: rgb(250, 250, 250);\n}\n@media (min-width:850px) {\n  #row-2026970940 > .col > .col-inner {\n    padding: 40px 40px 40px 40px;\n  }\n}\n<\/style>\n<\/div>\n\n\t\t<\/div>\n\n\t\t\n<style>\n#section_1995657597 {\n  padding-top: 50px;\n  padding-bottom: 50px;\n}\n<\/style>\n\t<\/section>\n\t\n\n\t<section class=\"section\" id=\"section_1285235490\">\n\t\t<div class=\"section-bg fill\" >\n\t\t\t\t\t\t\t\t\t\n\t\t\t\n\n\t\t<\/div>\n\n\t\t\n\n\t\t<div class=\"section-content relative\">\n\t\t\t\n\n<div class=\"row align-center\"  id=\"row-54397881\">\n\n\n\t<div id=\"col-2058251756\" class=\"col medium-8 small-12 large-8\"  >\n\t\t\t\t<div class=\"col-inner\"  >\n\t\t\t\n\t\t\t\n\n\n\t\t<div class=\"icon-box featured-box icon-box-center text-center\"  >\n\t\t\t\t<div class=\"icon-box-text last-reset\">\n\t\t\t\t\t\t\t\t\t\n\n<h6>Stay in touch<\/h6>\n<h3>R\u00e9servez d\u00e8s maintenant pour recevoir notre newsletter afin de recevoir des informations sur les produits personnalis\u00e9s, des mises \u00e0 jour et des invitations sp\u00e9ciales.<\/h3>\n\t<div id=\"gap-1272336668\" class=\"gap-element clearfix\" style=\"display:block; height:auto;\">\n\t\t\n<style>\n#gap-1272336668 {\n  padding-top: 30px;\n}\n<\/style>\n\t<\/div>\n\t\n\n\n\t\t<\/div>\n\t<\/div>\n\t\n\t\n\n\t\t<\/div>\n\t\t\t\t\t<\/div>\n\n\t\n\n<\/div>\n\n\t\t<\/div>\n\n\t\t\n<style>\n#section_1285235490 {\n  padding-top: 80px;\n  padding-bottom: 80px;\n}\n<\/style>\n\t<\/section>","protected":false},"excerpt":{"rendered":"","protected":false},"author":1,"featured_media":0,"parent":0,"menu_order":0,"comment_status":"closed","ping_status":"closed","template":"","meta":{"om_disable_all_campaigns":false,"_monsterinsights_skip_tracking":false,"_monsterinsights_sitenote_active":false,"_monsterinsights_sitenote_note":"","_monsterinsights_sitenote_category":0,"footnotes":""},"class_list":["post-124","page","type-page","status-publish","hentry"],"aioseo_notices":[],"jetpack_sharing_enabled":true,"_links":{"self":[{"href":"https:\/\/webshootco.com\/fr\/wp-json\/wp\/v2\/pages\/124","targetHints":{"allow":["GET"]}}],"collection":[{"href":"https:\/\/webshootco.com\/fr\/wp-json\/wp\/v2\/pages"}],"about":[{"href":"https:\/\/webshootco.com\/fr\/wp-json\/wp\/v2\/types\/page"}],"author":[{"embeddable":true,"href":"https:\/\/webshootco.com\/fr\/wp-json\/wp\/v2\/users\/1"}],"replies":[{"embeddable":true,"href":"https:\/\/webshootco.com\/fr\/wp-json\/wp\/v2\/comments?post=124"}],"version-history":[{"count":41,"href":"https:\/\/webshootco.com\/fr\/wp-json\/wp\/v2\/pages\/124\/revisions"}],"predecessor-version":[{"id":641,"href":"https:\/\/webshootco.com\/fr\/wp-json\/wp\/v2\/pages\/124\/revisions\/641"}],"wp:attachment":[{"href":"https:\/\/webshootco.com\/fr\/wp-json\/wp\/v2\/media?parent=124"}],"curies":[{"name":"wp","href":"https:\/\/api.w.org\/{rel}","templated":true}]}}