{"id":135,"date":"2023-05-24T02:51:07","date_gmt":"2023-05-24T02:51:07","guid":{"rendered":"https:\/\/webshootco.com\/?page_id=135"},"modified":"2023-07-12T18:39:32","modified_gmt":"2023-07-12T18:39:32","slug":"about","status":"publish","type":"page","link":"https:\/\/webshootco.com\/fr\/about\/","title":{"rendered":"\u00c0 PROPOS"},"content":{"rendered":"<section class=\"section dark\" id=\"section_126001385\">\n\t\t<div class=\"section-bg fill\" >\n\t\t\t<img fetchpriority=\"high\" decoding=\"async\" width=\"2560\" height=\"1535\" src=\"https:\/\/webshootco.com\/wp-content\/uploads\/2023\/05\/70-200-black-and-white-camera-camera-equipment-1595234-1-scaled.jpg\" class=\"bg attachment- size-\" alt=\"\" \/>\t\t\t\t\t\t<div class=\"section-bg-overlay absolute fill\"><\/div>\n\t\t\t\n\n\t\t<\/div>\n\n\t\t\n\n\t\t<div class=\"section-content relative\">\n\t\t\t\n\n<div class=\"row row-full-width\"  id=\"row-1780458874\">\n\n\n\t<div id=\"col-2001120734\" class=\"col medium-8 small-12 large-4\"  >\n\t\t\t\t<div class=\"col-inner\"  >\n\t\t\t\n\t\t\t\n\n\t<div id=\"gap-1624736529\" class=\"gap-element clearfix\" style=\"display:block; height:auto;\">\n\t\t\n<style>\n#gap-1624736529 {\n  padding-top: 30px;\n}\n<\/style>\n\t<\/div>\n\t\n\n<div class=\"text-center\"><div class=\"is-divider divider clearfix\" style=\"max-width:100px;height:4px;background-color:rgb(251, 246, 246);\"><\/div><\/div>\n\n\t<div id=\"text-1107786436\" class=\"text\">\n\t\t\n\n<h4 class=\"uppercase\">About Us<\/h4>\n\t\t\n<style>\n#text-1107786436 {\n  font-size: 2.25rem;\n  line-height: 1.1;\n  text-align: center;\n  color: rgb(255,255,255);\n}\n#text-1107786436 > * {\n  color: rgb(255,255,255);\n}\n@media (min-width:550px) {\n  #text-1107786436 {\n    font-size: 3rem;\n  }\n}\n<\/style>\n\t<\/div>\n\t\n\n\t\t<\/div>\n\t\t\t\t\t<\/div>\n\n\t\n\n\n<style>\n#row-1780458874 > .col > .col-inner {\n  padding: 0px 0px 0px 60px;\n}\n<\/style>\n<\/div>\n\n\t\t<\/div>\n\n\t\t\n<style>\n#section_126001385 {\n  padding-top: 30px;\n  padding-bottom: 30px;\n  min-height: 350px;\n}\n#section_126001385 .section-bg-overlay {\n  background-color: rgba(0, 0, 0, 0.6);\n}\n#section_126001385 .section-bg img {\n  object-position: 48% 37%;\n}\n@media (min-width:550px) {\n  #section_126001385 {\n    min-height: 450px;\n  }\n}\n<\/style>\n\t<\/section>\n\t\n\n\t<section class=\"section dark\" id=\"section_1190419516\">\n\t\t<div class=\"section-bg fill\" >\n\t\t\t\t\t\t\t\t\t\n\t\t\t\n\n\t\t<\/div>\n\n\t\t\n\n\t\t<div class=\"section-content relative\">\n\t\t\t\n\n<div class=\"text-center\"><div class=\"is-divider divider clearfix\" style=\"max-width:100px;height:4px;background-color:rgb(248, 245, 244);\"><\/div><\/div>\n\n<div class=\"row align-center\" style=\"max-width:1300px\" id=\"row-1764556520\">\n\n\n\t<div id=\"col-2105897125\" class=\"col medium-9 small-12 large-6\"  >\n\t\t\t\t<div class=\"col-inner\"  >\n\t\t\t\n\t\t\t\n\n\t<div id=\"text-630511535\" class=\"text\">\n\t\t\n\n<h2 class=\"uppercase\">D\u00c9COUVREZ NOS OFFRES<\/h2>\n\t\t\n<style>\n#text-630511535 {\n  font-size: 1.75rem;\n  text-align: center;\n  color: rgb(255,255,255);\n}\n#text-630511535 > * {\n  color: rgb(255,255,255);\n}\n<\/style>\n\t<\/div>\n\t\n\n\t\t<\/div>\n\t\t\t\t\t<\/div>\n\n\t\n\n<\/div>\n<div class=\"row row-small\" style=\"max-width:1300px\" id=\"row-376682152\">\n\n\n\t<div id=\"col-929376198\" class=\"col medium-6 small-12 large-3\"  >\n\t\t\t\t<div class=\"col-inner\"  >\n\t\t\t\n\t\t\t\n\n\t<div class=\"box has-hover   has-hover box-text-bottom\" >\n\n\t\t<div class=\"box-image\" >\n\t\t\t<a href=\"#\" >\t\t\t<div class=\"image-overlay-add image-cover\" style=\"padding-top:100%;\">\n\t\t\t\t<img decoding=\"async\" width=\"1200\" height=\"800\" src=\"https:\/\/webshootco.com\/wp-content\/uploads\/2023\/05\/bb.webp\" class=\"attachment- size-\" alt=\"\" srcset=\"https:\/\/webshootco.com\/wp-content\/uploads\/2023\/05\/bb.webp 1200w, https:\/\/webshootco.com\/wp-content\/uploads\/2023\/05\/bb-510x340.webp 510w, https:\/\/webshootco.com\/wp-content\/uploads\/2023\/05\/bb-300x200.webp 300w, https:\/\/webshootco.com\/wp-content\/uploads\/2023\/05\/bb-1024x683.webp 1024w, https:\/\/webshootco.com\/wp-content\/uploads\/2023\/05\/bb-768x512.webp 768w\" sizes=\"(max-width: 1200px) 100vw, 1200px\" \/>\t\t\t\t<div class=\"overlay\" style=\"background-color:rgba(253, 111, 94, 0.6)\"><\/div>\t\t\t\t\t\t\t<\/div>\n\t\t\t<\/a>\t\t<\/div>\n\n\t\t<div class=\"box-text text-center\" >\n\t\t\t<div class=\"box-text-inner\">\n\t\t\t\t\n\n<div class=\"text-center\"><div class=\"is-divider divider clearfix\" style=\"max-width:100px;height:4px;background-color:rgb(251, 250, 249);\"><\/div><\/div>\n\n\t<div id=\"text-2041130482\" class=\"text\">\n\t\t\n\n<h4>NOUVEAU-N\u00c9<\/h4>\n\t\t\n<style>\n#text-2041130482 {\n  font-size: 1.75rem;\n  color: rgb(255,255,255);\n}\n#text-2041130482 > * {\n  color: rgb(255,255,255);\n}\n<\/style>\n\t<\/div>\n\t\n\t<div id=\"text-308387578\" class=\"text\">\n\t\t\n\n<p>FROM 100$<\/p>\n\t\t\n<style>\n#text-308387578 {\n  font-size: 1.25rem;\n}\n<\/style>\n\t<\/div>\n\t\n\n\t\t\t<\/div>\n\t\t<\/div>\n\t<\/div>\n\t\n\n\t\t<\/div>\n\t\t\t\t\t<\/div>\n\n\t\n\n\t<div id=\"col-658567657\" class=\"col medium-6 small-12 large-3\"  >\n\t\t\t\t<div class=\"col-inner\"  >\n\t\t\t\n\t\t\t\n\n\t<div class=\"box has-hover   has-hover box-text-bottom\" >\n\n\t\t<div class=\"box-image\" >\n\t\t\t<a href=\"#\" >\t\t\t<div class=\"image-overlay-add image-cover\" style=\"padding-top:100%;\">\n\t\t\t\t<img decoding=\"async\" width=\"800\" height=\"533\" src=\"https:\/\/webshootco.com\/wp-content\/uploads\/2023\/05\/sandy-pines-golf-course-wedding-demotte-2.jpg\" class=\"attachment- size-\" alt=\"\" srcset=\"https:\/\/webshootco.com\/wp-content\/uploads\/2023\/05\/sandy-pines-golf-course-wedding-demotte-2.jpg 800w, https:\/\/webshootco.com\/wp-content\/uploads\/2023\/05\/sandy-pines-golf-course-wedding-demotte-2-510x340.jpg 510w, https:\/\/webshootco.com\/wp-content\/uploads\/2023\/05\/sandy-pines-golf-course-wedding-demotte-2-300x200.jpg 300w, https:\/\/webshootco.com\/wp-content\/uploads\/2023\/05\/sandy-pines-golf-course-wedding-demotte-2-768x512.jpg 768w\" sizes=\"(max-width: 800px) 100vw, 800px\" \/>\t\t\t\t<div class=\"overlay\" style=\"background-color:rgba(253, 111, 94, 0.6)\"><\/div>\t\t\t\t\t\t\t<\/div>\n\t\t\t<\/a>\t\t<\/div>\n\n\t\t<div class=\"box-text text-center\" >\n\t\t\t<div class=\"box-text-inner\">\n\t\t\t\t\n\n<div class=\"text-center\"><div class=\"is-divider divider clearfix\" style=\"max-width:100px;height:4px;background-color:rgb(248, 243, 242);\"><\/div><\/div>\n\n\t<div id=\"text-3316866754\" class=\"text\">\n\t\t\n\n<h4>WEDDING<\/h4>\n\n\t\t\n<style>\n#text-3316866754 {\n  font-size: 1.75rem;\n  color: rgb(255,255,255);\n}\n#text-3316866754 > * {\n  color: rgb(255,255,255);\n}\n<\/style>\n\t<\/div>\n\t\n\t<div id=\"text-837852936\" class=\"text\">\n\t\t\n\n<p>FROM 500$<\/p>\n\t\t\n<style>\n#text-837852936 {\n  font-size: 1.25rem;\n}\n<\/style>\n\t<\/div>\n\t\n\n\t\t\t<\/div>\n\t\t<\/div>\n\t<\/div>\n\t\n\n\t\t<\/div>\n\t\t\t\t\t<\/div>\n\n\t\n\n\t<div id=\"col-1401685110\" class=\"col medium-6 small-12 large-3\"  >\n\t\t\t\t<div class=\"col-inner\"  >\n\t\t\t\n\t\t\t\n\n\t<div class=\"box has-hover   has-hover box-text-bottom\" >\n\n\t\t<div class=\"box-image\" >\n\t\t\t<a href=\"#\" >\t\t\t<div class=\"image-overlay-add image-cover\" style=\"padding-top:100%;\">\n\t\t\t\t<img loading=\"lazy\" decoding=\"async\" width=\"728\" height=\"546\" src=\"https:\/\/webshootco.com\/wp-content\/uploads\/2023\/05\/cats-animals-dogs-white-background-high-resolution-pictures-wallpaper-preview.jpg\" class=\"attachment- size-\" alt=\"\" srcset=\"https:\/\/webshootco.com\/wp-content\/uploads\/2023\/05\/cats-animals-dogs-white-background-high-resolution-pictures-wallpaper-preview.jpg 728w, https:\/\/webshootco.com\/wp-content\/uploads\/2023\/05\/cats-animals-dogs-white-background-high-resolution-pictures-wallpaper-preview-510x383.jpg 510w, https:\/\/webshootco.com\/wp-content\/uploads\/2023\/05\/cats-animals-dogs-white-background-high-resolution-pictures-wallpaper-preview-300x225.jpg 300w\" sizes=\"(max-width: 728px) 100vw, 728px\" \/>\t\t\t\t<div class=\"overlay\" style=\"background-color:rgba(253, 111, 94, 0.6)\"><\/div>\t\t\t\t\t\t\t<\/div>\n\t\t\t<\/a>\t\t<\/div>\n\n\t\t<div class=\"box-text text-center\" >\n\t\t\t<div class=\"box-text-inner\">\n\t\t\t\t\n\n<div class=\"text-center\"><div class=\"is-divider divider clearfix\" style=\"max-width:100px;height:4px;background-color:rgb(251, 248, 248);\"><\/div><\/div>\n\n\t<div id=\"text-4132215936\" class=\"text\">\n\t\t\n\n<h4>ANIMAL DE COMPAGNIE<\/h4>\n\t\t\n<style>\n#text-4132215936 {\n  font-size: 1.75rem;\n  color: rgb(255,255,255);\n}\n#text-4132215936 > * {\n  color: rgb(255,255,255);\n}\n<\/style>\n\t<\/div>\n\t\n\t<div id=\"text-4157042704\" class=\"text\">\n\t\t\n\n<h6>FROM 100$<\/h6>\n\t\t\n<style>\n#text-4157042704 {\n  font-size: 1.25rem;\n}\n<\/style>\n\t<\/div>\n\t\n\n\t\t\t<\/div>\n\t\t<\/div>\n\t<\/div>\n\t\n\n\t\t<\/div>\n\t\t\t\t\t<\/div>\n\n\t\n\n\t<div id=\"col-100162411\" class=\"col medium-6 small-12 large-3\"  >\n\t\t\t\t<div class=\"col-inner\"  >\n\t\t\t\n\t\t\t\n\n\t<div class=\"box has-hover   has-hover box-text-bottom\" >\n\n\t\t<div class=\"box-image\" >\n\t\t\t<a href=\"#\" >\t\t\t<div class=\"image-overlay-add image-cover\" style=\"padding-top:100%;\">\n\t\t\t\t<img loading=\"lazy\" decoding=\"async\" width=\"1140\" height=\"1140\" src=\"https:\/\/webshootco.com\/wp-content\/uploads\/2023\/05\/il_1140xN.3672054672_e540.webp\" class=\"attachment- size-\" alt=\"\" srcset=\"https:\/\/webshootco.com\/wp-content\/uploads\/2023\/05\/il_1140xN.3672054672_e540.webp 1140w, https:\/\/webshootco.com\/wp-content\/uploads\/2023\/05\/il_1140xN.3672054672_e540-100x100.webp 100w, https:\/\/webshootco.com\/wp-content\/uploads\/2023\/05\/il_1140xN.3672054672_e540-510x510.webp 510w, https:\/\/webshootco.com\/wp-content\/uploads\/2023\/05\/il_1140xN.3672054672_e540-300x300.webp 300w, https:\/\/webshootco.com\/wp-content\/uploads\/2023\/05\/il_1140xN.3672054672_e540-1024x1024.webp 1024w, https:\/\/webshootco.com\/wp-content\/uploads\/2023\/05\/il_1140xN.3672054672_e540-150x150.webp 150w, https:\/\/webshootco.com\/wp-content\/uploads\/2023\/05\/il_1140xN.3672054672_e540-768x768.webp 768w\" sizes=\"(max-width: 1140px) 100vw, 1140px\" \/>\t\t\t\t<div class=\"overlay\" style=\"background-color:rgba(253, 111, 94, 0.6)\"><\/div>\t\t\t\t\t\t\t<\/div>\n\t\t\t<\/a>\t\t<\/div>\n\n\t\t<div class=\"box-text text-center\" >\n\t\t\t<div class=\"box-text-inner\">\n\t\t\t\t\n\n<div class=\"text-center\"><div class=\"is-divider divider clearfix\" style=\"max-width:100px;height:4px;background-color:rgb(250, 245, 244);\"><\/div><\/div>\n\n\t<div id=\"text-248616622\" class=\"text\">\n\t\t\n\n<h4>ANNIVERSAIRE<\/h4>\n\t\t\n<style>\n#text-248616622 {\n  font-size: 1.75rem;\n  color: rgb(255,255,255);\n}\n#text-248616622 > * {\n  color: rgb(255,255,255);\n}\n<\/style>\n\t<\/div>\n\t\n\t<div id=\"text-2429477974\" class=\"text\">\n\t\t\n\n<h6>FROM 100$<\/h6>\n\t\t\n<style>\n#text-2429477974 {\n  font-size: 1.25rem;\n}\n<\/style>\n\t<\/div>\n\t\n\n\t\t\t<\/div>\n\t\t<\/div>\n\t<\/div>\n\t\n\n\t\t<\/div>\n\t\t\t\t\t<\/div>\n\n\t\n\n<\/div>\n\n\t\t<\/div>\n\n\t\t\n<style>\n#section_1190419516 {\n  padding-top: 35px;\n  padding-bottom: 35px;\n  background-color: rgb(0,0,0);\n}\n@media (min-width:850px) {\n  #section_1190419516 {\n    padding-top: 80px;\n    padding-bottom: 80px;\n  }\n}\n<\/style>\n\t<\/section>\n\t\n\n\t<section class=\"section dark\" id=\"section_624937422\">\n\t\t<div class=\"section-bg fill\" >\n\t\t\t\t\t\t\t\t\t\n\t\t\t\n\n\t\t<\/div>\n\n\t\t\n\n\t\t<div class=\"section-content relative\">\n\t\t\t\n\n<div class=\"row row-collapse row-full-width align-equal\"  id=\"row-262918460\">\n\n\n\t<div id=\"col-1873459316\" class=\"col medium-12 small-12 large-6 medium-col-first\"  >\n\t\t\t\t<div class=\"col-inner\"  >\n\t\t\t\n\t\t\t\n\n\n  <div class=\"banner has-hover\" id=\"banner-142429519\">\n          <div class=\"banner-inner fill\">\n        <div class=\"banner-bg fill\" >\n            <img loading=\"lazy\" decoding=\"async\" width=\"1020\" height=\"574\" src=\"https:\/\/webshootco.com\/wp-content\/uploads\/2023\/05\/camera_rays_lens_flare_10493_1280x720-1024x576.jpg\" class=\"bg attachment-large size-large\" alt=\"\" \/>                                    \n                    <\/div>\n\t\t\n        <div class=\"banner-layers container\">\n            <div class=\"fill banner-link\"><\/div>            \n\n\n        <\/div>\n      <\/div>\n\n            \n<style>\n#banner-142429519 {\n  padding-top: 300px;\n  background-color: rgb(36, 38, 42);\n}\n#banner-142429519 .banner-bg img {\n  object-position: 75% 7%;\n}\n@media (min-width:550px) {\n  #banner-142429519 {\n    padding-top: 400px;\n  }\n}\n@media (min-width:850px) {\n  #banner-142429519 {\n    padding-top: 700px;\n  }\n}\n<\/style>\n  <\/div>\n\n\n\n\t\t<\/div>\n\t\t\t\t\t<\/div>\n\n\t\n\n\t<div id=\"col-1768896714\" class=\"col medium-12 small-12 large-6\"  >\n\t\t\t\t<div class=\"col-inner text-left\"  >\n\t\t\t\n\t\t\t\n\n<div class=\"row align-equal align-center\"  id=\"row-723194184\">\n\n\n\t<div id=\"col-589488016\" class=\"col medium-10 small-10 large-8\"  >\n\t\t\t\t<div class=\"col-inner\"  >\n\t\t\t\n\t\t\t\n\n<div class=\"is-divider divider clearfix\" style=\"max-width:100px;height:4px;background-color:rgb(244, 238, 237);\"><\/div>\n\n\t<div id=\"text-4073387540\" class=\"text\">\n\t\t\n\n<h1 class=\"uppercase\">OBJECTIF \u00c9LEV\u00c9<\/h1>\n\t\t\n<style>\n#text-4073387540 {\n  font-size: 1.5rem;\n  color: rgb(255,255,255);\n}\n#text-4073387540 > * {\n  color: rgb(255,255,255);\n}\n@media (min-width:550px) {\n  #text-4073387540 {\n    font-size: 2.25rem;\n  }\n}\n<\/style>\n\t<\/div>\n\t\n\t<div id=\"text-3923485936\" class=\"text\">\n\t\t\n\n<h5>Faire des souvenirs heureux des meilleurs moments de votre vie et votre sourire et votre sentiment de satisfaction de notre travail<\/h5>\n\t\t\n<style>\n#text-3923485936 {\n  color: rgb(255,255,255);\n}\n#text-3923485936 > * {\n  color: rgb(255,255,255);\n}\n<\/style>\n\t<\/div>\n\t\n\t<div id=\"gap-993940966\" class=\"gap-element clearfix\" style=\"display:block; height:auto;\">\n\t\t\n<style>\n#gap-993940966 {\n  padding-top: 10px;\n}\n<\/style>\n\t<\/div>\n\t\n\n\t<div id=\"gap-1654532155\" class=\"gap-element clearfix\" style=\"display:block; height:auto;\">\n\t\t\n<style>\n#gap-1654532155 {\n  padding-top: 0px;\n}\n@media (min-width:550px) {\n  #gap-1654532155 {\n    padding-top: 30px;\n  }\n}\n<\/style>\n\t<\/div>\n\t\n\n\n\t\t<\/div>\n\t\t\t\t\t<\/div>\n\n\t\n\n\n<style>\n#row-723194184 > .col > .col-inner {\n  padding: 20px 0px 20px 0px;\n}\n@media (min-width:550px) {\n  #row-723194184 > .col > .col-inner {\n    padding: 60px 0px 60px 0px;\n  }\n}\n@media (min-width:850px) {\n  #row-723194184 > .col > .col-inner {\n    padding: 60px 0px 40px 0px;\n  }\n}\n<\/style>\n<\/div>\n\n\t\t<\/div>\n\t\t\t\t\t<\/div>\n\n\t\n\n\n<style>\n#row-262918460 > .col > .col-inner {\n  background-color: rgb(0,0,0);\n}\n<\/style>\n<\/div>\n\n\t\t<\/div>\n\n\t\t\n<style>\n#section_624937422 {\n  padding-top: 0px;\n  padding-bottom: 0px;\n  background-color: rgb(36, 38, 42);\n}\n<\/style>\n\t<\/section>\n\t\n\n\t<section class=\"section dark\" id=\"section_263568961\">\n\t\t<div class=\"section-bg fill\" >\n\t\t\t\t\t\t\t\t\t\n\t\t\t\n\n\t\t<\/div>\n\n\t\t\n\n\t\t<div class=\"section-content relative\">\n\t\t\t\n\n<div class=\"row row-collapse row-full-width align-equal\"  id=\"row-2075066627\">\n\n\n\t<div id=\"col-274347772\" class=\"col medium-12 small-12 large-6\"  >\n\t\t\t\t<div class=\"col-inner text-left\"  >\n\t\t\t\n\t\t\t\n\n<div class=\"row align-center\"  id=\"row-1700309352\">\n\n\n\t<div id=\"col-1731927399\" class=\"col medium-10 small-10 large-8\"  >\n\t\t\t\t<div class=\"col-inner\"  >\n\t\t\t\n\t\t\t\n\n<div class=\"is-divider divider clearfix\" style=\"max-width:100px;height:4px;background-color:rgb(246, 241, 241);\"><\/div>\n\n\t<div id=\"text-2386154828\" class=\"text\">\n\t\t\n\n<h1 class=\"uppercase\">QUI NOUS SOMMES<\/h1>\n\t\t\n<style>\n#text-2386154828 {\n  font-size: 1.5rem;\n  color: rgb(255,255,255);\n}\n#text-2386154828 > * {\n  color: rgb(255,255,255);\n}\n@media (min-width:550px) {\n  #text-2386154828 {\n    font-size: 2.25rem;\n  }\n}\n<\/style>\n\t<\/div>\n\t\n\t<div id=\"text-3472531696\" class=\"text\">\n\t\t\n\n<h5>Notre entreprise enregistre les meilleurs moments de votre vie et de votre entreprise. Avec notre \u00e9quipe de conception de sites Web, vous pouvez avoir le meilleur site Web pour votre entreprise. Demandez-nous les meilleurs services, y compris la photographie, la vid\u00e9ographie, la conception et l'assistance de sites Web, au moindre co\u00fbt et avec la meilleure qualit\u00e9.<\/h5>\n\t\t\n<style>\n#text-3472531696 {\n  color: rgb(255,255,255);\n}\n#text-3472531696 > * {\n  color: rgb(255,255,255);\n}\n<\/style>\n\t<\/div>\n\t\n\t<div id=\"gap-1419736211\" class=\"gap-element clearfix\" style=\"display:block; height:auto;\">\n\t\t\n<style>\n#gap-1419736211 {\n  padding-top: 10px;\n}\n<\/style>\n\t<\/div>\n\t\n\n\t<div id=\"gap-1133901254\" class=\"gap-element clearfix\" style=\"display:block; height:auto;\">\n\t\t\n<style>\n#gap-1133901254 {\n  padding-top: 0px;\n}\n@media (min-width:550px) {\n  #gap-1133901254 {\n    padding-top: 30px;\n  }\n}\n<\/style>\n\t<\/div>\n\t\n\n\n\t\t<\/div>\n\t\t\t\t\t<\/div>\n\n\t\n\n\n<style>\n#row-1700309352 > .col > .col-inner {\n  padding: 20px 0px 20px 0px;\n}\n@media (min-width:550px) {\n  #row-1700309352 > .col > .col-inner {\n    padding: 60px 0px 60px 0px;\n  }\n}\n@media (min-width:850px) {\n  #row-1700309352 > .col > .col-inner {\n    padding: 60px 0px 40px 0px;\n  }\n}\n<\/style>\n<\/div>\n\n\t\t<\/div>\n\t\t\t\t\t<\/div>\n\n\t\n\n\t<div id=\"col-1784222502\" class=\"col medium-12 small-12 large-6 medium-col-first\"  >\n\t\t\t\t<div class=\"col-inner text-center\"  >\n\t\t\t\n\t\t\t\n\n\t<div class=\"img has-hover x md-x lg-x y md-y lg-y\" id=\"image_2042665834\">\n\t\t\t\t\t\t\t\t<div class=\"img-inner dark\" >\n\t\t\t<img loading=\"lazy\" decoding=\"async\" width=\"300\" height=\"300\" src=\"https:\/\/webshootco.com\/wp-content\/uploads\/2023\/05\/LOGO2-2-300x300.png\" class=\"attachment-medium size-medium\" alt=\"\" srcset=\"https:\/\/webshootco.com\/wp-content\/uploads\/2023\/05\/LOGO2-2-300x300.png 300w, https:\/\/webshootco.com\/wp-content\/uploads\/2023\/05\/LOGO2-2-100x100.png 100w, https:\/\/webshootco.com\/wp-content\/uploads\/2023\/05\/LOGO2-2-510x510.png 510w, https:\/\/webshootco.com\/wp-content\/uploads\/2023\/05\/LOGO2-2-1024x1024.png 1024w, https:\/\/webshootco.com\/wp-content\/uploads\/2023\/05\/LOGO2-2-150x150.png 150w, https:\/\/webshootco.com\/wp-content\/uploads\/2023\/05\/LOGO2-2-768x768.png 768w, https:\/\/webshootco.com\/wp-content\/uploads\/2023\/05\/LOGO2-2-1536x1536.png 1536w, https:\/\/webshootco.com\/wp-content\/uploads\/2023\/05\/LOGO2-2.png 1838w\" sizes=\"(max-width: 300px) 100vw, 300px\" \/>\t\t\t\t\t\t\n\t\t\t\t\t<\/div>\n\t\t\t\t\t\t\t\t\n<style>\n#image_2042665834 {\n  width: 50%;\n}\n<\/style>\n\t<\/div>\n\t\n\n\n\t\t<\/div>\n\t\t\t\t\t<\/div>\n\n\t\n\n\n<style>\n#row-2075066627 > .col > .col-inner {\n  background-color: rgb(0,0,0);\n}\n<\/style>\n<\/div>\n\n\t\t<\/div>\n\n\t\t\n<style>\n#section_263568961 {\n  padding-top: 0px;\n  padding-bottom: 0px;\n  background-color: rgb(36, 38, 42);\n}\n<\/style>\n\t<\/section>\n\t\n\n\t<section class=\"section dark\" id=\"section_1499178340\">\n\t\t<div class=\"section-bg fill\" >\n\t\t\t\t\t\t\t\t\t\n\t\t\t\n\n\t\t<\/div>\n\n\t\t\n\n\t\t<div class=\"section-content relative\">\n\t\t\t\n\n<div class=\"row\"  id=\"row-860985301\">\n\n\n\t<div id=\"col-190896299\" class=\"col small-12 large-12\"  >\n\t\t\t\t<div class=\"col-inner text-center\"  >\n\t\t\t\n\t\t\t\n\n\t<div id=\"gap-1485975972\" class=\"gap-element clearfix\" style=\"display:block; height:auto;\">\n\t\t\n<style>\n#gap-1485975972 {\n  padding-top: 35px;\n}\n<\/style>\n\t<\/div>\n\t\n\n<div class=\"text-center\"><div class=\"is-divider divider clearfix\" style=\"max-width:100px;height:4px;background-color:rgb(255, 255, 255);\"><\/div><\/div>\n\n\t<div id=\"text-3834904442\" class=\"text\">\n\t\t\n\n<h2 class=\"uppercase\">PRENEZ CONTACT AVEC NOUS<\/h2>\n\t\t\n<style>\n#text-3834904442 {\n  font-size: 2rem;\n  text-align: center;\n}\n@media (min-width:550px) {\n  #text-3834904442 {\n    font-size: 1.5rem;\n  }\n}\n<\/style>\n\t<\/div>\n\t\n\n\t\t<\/div>\n\t\t\t\t\t<\/div>\n\n\t\n\n<\/div>\n<div class=\"row row-large\" style=\"max-width:1300px\" id=\"row-1337627335\">\n\n\n\t<div id=\"col-589592247\" class=\"col medium-4 small-12 large-4\"  >\n\t\t\t\t<div class=\"col-inner text-center\"  >\n\t\t\t\n\t\t\t\n\n\n\t\t<div class=\"icon-box featured-box icon-box-top text-left\"  >\n\t\t\t\t\t<div class=\"icon-box-img\" style=\"width: 80px\">\n\t\t\t\t<div class=\"icon\">\n\t\t\t\t\t<div class=\"icon-inner\" >\n\t\t\t\t\t\t<img loading=\"lazy\" decoding=\"async\" width=\"120\" height=\"120\" src=\"https:\/\/webshootco.com\/wp-content\/uploads\/2023\/05\/mail-line.png\" class=\"attachment-medium size-medium\" alt=\"\" srcset=\"https:\/\/webshootco.com\/wp-content\/uploads\/2023\/05\/mail-line.png 120w, https:\/\/webshootco.com\/wp-content\/uploads\/2023\/05\/mail-line-100x100.png 100w\" sizes=\"(max-width: 120px) 100vw, 120px\" \/>\t\t\t\t\t<\/div>\n\t\t\t\t<\/div>\n\t\t\t<\/div>\n\t\t\t\t<div class=\"icon-box-text last-reset\">\n\t\t\t\t\t\t\t\t\t\n\n\t<div id=\"text-2742372025\" class=\"text\">\n\t\t\n\n<h3>webshootco@gmail.com<\/h3>\n\t\t\n<style>\n#text-2742372025 {\n  font-size: 1.5rem;\n  text-align: center;\n}\n@media (min-width:550px) {\n  #text-2742372025 {\n    font-size: 1.25rem;\n  }\n}\n<\/style>\n\t<\/div>\n\t\n\n\t\t<\/div>\n\t<\/div>\n\t\n\t\n\n\t\t<\/div>\n\t\t\t\t\t<\/div>\n\n\t\n\n\t<div id=\"col-2102326309\" class=\"col medium-4 small-12 large-4\"  >\n\t\t\t\t<div class=\"col-inner text-center\"  >\n\t\t\t\n\t\t\t\n\n\n\t\t<div class=\"icon-box featured-box icon-box-top text-left\"  >\n\t\t\t\t\t<div class=\"icon-box-img\" style=\"width: 80px\">\n\t\t\t\t<div class=\"icon\">\n\t\t\t\t\t<div class=\"icon-inner\" >\n\t\t\t\t\t\t<img loading=\"lazy\" decoding=\"async\" width=\"120\" height=\"120\" src=\"https:\/\/webshootco.com\/wp-content\/uploads\/2023\/05\/map-pin-line.png\" class=\"attachment-medium size-medium\" alt=\"\" srcset=\"https:\/\/webshootco.com\/wp-content\/uploads\/2023\/05\/map-pin-line.png 120w, https:\/\/webshootco.com\/wp-content\/uploads\/2023\/05\/map-pin-line-100x100.png 100w\" sizes=\"(max-width: 120px) 100vw, 120px\" \/>\t\t\t\t\t<\/div>\n\t\t\t\t<\/div>\n\t\t\t<\/div>\n\t\t\t\t<div class=\"icon-box-text last-reset\">\n\t\t\t\t\t\t\t\t\t\n\n\t<div id=\"text-3731091887\" class=\"text\">\n\t\t\n\n<h3>Montreal<\/h3>\n\t\t\n<style>\n#text-3731091887 {\n  font-size: 1.5rem;\n  text-align: center;\n}\n@media (min-width:550px) {\n  #text-3731091887 {\n    font-size: 1.25rem;\n  }\n}\n<\/style>\n\t<\/div>\n\t\n\n\t\t<\/div>\n\t<\/div>\n\t\n\t\n\n\t\t<\/div>\n\t\t\t\t\t<\/div>\n\n\t\n\n\t<div id=\"col-563288923\" class=\"col medium-4 small-12 large-4\"  >\n\t\t\t\t<div class=\"col-inner text-center\"  >\n\t\t\t\n\t\t\t\n\n\n\t\t<div class=\"icon-box featured-box icon-box-top text-left\"  >\n\t\t\t\t\t<div class=\"icon-box-img\" style=\"width: 80px\">\n\t\t\t\t<div class=\"icon\">\n\t\t\t\t\t<div class=\"icon-inner\" >\n\t\t\t\t\t\t<img loading=\"lazy\" decoding=\"async\" width=\"120\" height=\"120\" src=\"https:\/\/webshootco.com\/wp-content\/uploads\/2023\/05\/phone-line.png\" class=\"attachment-medium size-medium\" alt=\"\" srcset=\"https:\/\/webshootco.com\/wp-content\/uploads\/2023\/05\/phone-line.png 120w, https:\/\/webshootco.com\/wp-content\/uploads\/2023\/05\/phone-line-100x100.png 100w\" sizes=\"(max-width: 120px) 100vw, 120px\" \/>\t\t\t\t\t<\/div>\n\t\t\t\t<\/div>\n\t\t\t<\/div>\n\t\t\t\t<div class=\"icon-box-text last-reset\">\n\t\t\t\t\t\t\t\t\t\n\n\t<div id=\"text-1974173029\" class=\"text\">\n\t\t\n\n<h3>+15149731550<\/h3>\n\t\t\n<style>\n#text-1974173029 {\n  font-size: 1.5rem;\n  text-align: center;\n}\n@media (min-width:550px) {\n  #text-1974173029 {\n    font-size: 1.25rem;\n  }\n}\n<\/style>\n\t<\/div>\n\t\n\n\t\t<\/div>\n\t<\/div>\n\t\n\t\n\n\t\t<\/div>\n\t\t\t\t\t<\/div>\n\n\t\n\n<\/div>\n\n\t\t<\/div>\n\n\t\t\n<style>\n#section_1499178340 {\n  padding-top: 50px;\n  padding-bottom: 50px;\n  background-color: rgb(0, 0, 0);\n}\n<\/style>\n\t<\/section>","protected":false},"excerpt":{"rendered":"","protected":false},"author":1,"featured_media":0,"parent":0,"menu_order":0,"comment_status":"closed","ping_status":"closed","template":"","meta":{"om_disable_all_campaigns":false,"_monsterinsights_skip_tracking":false,"_monsterinsights_sitenote_active":false,"_monsterinsights_sitenote_note":"","_monsterinsights_sitenote_category":0,"footnotes":""},"class_list":["post-135","page","type-page","status-publish","hentry"],"aioseo_notices":[],"jetpack_sharing_enabled":true,"_links":{"self":[{"href":"https:\/\/webshootco.com\/fr\/wp-json\/wp\/v2\/pages\/135","targetHints":{"allow":["GET"]}}],"collection":[{"href":"https:\/\/webshootco.com\/fr\/wp-json\/wp\/v2\/pages"}],"about":[{"href":"https:\/\/webshootco.com\/fr\/wp-json\/wp\/v2\/types\/page"}],"author":[{"embeddable":true,"href":"https:\/\/webshootco.com\/fr\/wp-json\/wp\/v2\/users\/1"}],"replies":[{"embeddable":true,"href":"https:\/\/webshootco.com\/fr\/wp-json\/wp\/v2\/comments?post=135"}],"version-history":[{"count":18,"href":"https:\/\/webshootco.com\/fr\/wp-json\/wp\/v2\/pages\/135\/revisions"}],"predecessor-version":[{"id":714,"href":"https:\/\/webshootco.com\/fr\/wp-json\/wp\/v2\/pages\/135\/revisions\/714"}],"wp:attachment":[{"href":"https:\/\/webshootco.com\/fr\/wp-json\/wp\/v2\/media?parent=135"}],"curies":[{"name":"wp","href":"https:\/\/api.w.org\/{rel}","templated":true}]}}