{"id":136,"date":"2023-05-24T02:51:07","date_gmt":"2023-05-24T02:51:07","guid":{"rendered":"https:\/\/webshootco.com\/?page_id=136"},"modified":"2023-06-15T02:40:54","modified_gmt":"2023-06-15T02:40:54","slug":"web-design-2","status":"publish","type":"page","link":"https:\/\/webshootco.com\/fr\/web-design-2\/","title":{"rendered":"CR\u00c9ATION DE SITES WEB"},"content":{"rendered":"<section class=\"section\" id=\"section_593718322\">\n\t\t<div class=\"section-bg fill\" >\n\t\t\t\t\t\t\t\t\t\n\t\t\t\n\n\t\t<\/div>\n\n\t\t\n\n\t\t<div class=\"section-content relative\">\n\t\t\t\n\n<div class=\"row row-collapse row-full-width\"  id=\"row-828804684\">\n\n\n\t<div id=\"col-298281612\" class=\"col small-12 large-12\"  >\n\t\t\t\t<div class=\"col-inner\"  >\n\t\t\t\n\t\t\t\n\n<div class=\"row row-collapse row-full-width align-middle align-center\"  id=\"row-275219368\">\n\n\n\t<div id=\"col-652388610\" class=\"col medium-12 small-12 large-4\"  >\n\t\t\t\t<div class=\"col-inner\"  >\n\t\t\t\n\t\t\t\n\n<h3><span style=\"font-size: 180%;\">Visitez mon portefeuille<\/span><\/h3>\n<a href=\"https:\/\/hparsa3.github.io\/portfolio\/\" target=\"_blank\" class=\"button secondary is-shade is-large box-shadow-4 box-shadow-5-hover\" rel=\"noopener\" style=\"border-radius:10px;\">\n\t\t<span>More Info<\/span>\n\t<\/a>\n\n\n\t<div id=\"gap-1752818134\" class=\"gap-element clearfix\" style=\"display:block; height:auto;\">\n\t\t\n<style>\n#gap-1752818134 {\n  padding-top: 25px;\n}\n<\/style>\n\t<\/div>\n\t\n\n\n\t\t<\/div>\n\t\t\t\t\n<style>\n#col-652388610 > .col-inner {\n  padding: 0px 0px 0px 72px;\n}\n@media (min-width:550px) {\n  #col-652388610 > .col-inner {\n    padding: 0px 0px 0px 65px;\n  }\n}\n<\/style>\n\t<\/div>\n\n\t\n\n\t<div id=\"col-1402742860\" class=\"col medium-12 small-12 large-6 medium-col-first\"  >\n\t\t\t\t<div class=\"col-inner\"  >\n\t\t\t\n\t\t\t\n\n\t<div class=\"img has-hover x md-x lg-x y md-y lg-y\" id=\"image_694036014\">\n\t\t\t\t\t\t\t\t<div class=\"img-inner image-cover dark\" style=\"padding-top:70%;\">\n\t\t\t<img fetchpriority=\"high\" decoding=\"async\" width=\"1020\" height=\"510\" src=\"https:\/\/webshootco.com\/wp-content\/uploads\/2023\/06\/Computer-Programmer-1024x512.jpg\" class=\"attachment-large size-large\" alt=\"\" srcset=\"https:\/\/webshootco.com\/wp-content\/uploads\/2023\/06\/Computer-Programmer-1024x512.jpg 1024w, https:\/\/webshootco.com\/wp-content\/uploads\/2023\/06\/Computer-Programmer-510x255.jpg 510w, https:\/\/webshootco.com\/wp-content\/uploads\/2023\/06\/Computer-Programmer-300x150.jpg 300w, https:\/\/webshootco.com\/wp-content\/uploads\/2023\/06\/Computer-Programmer-768x384.jpg 768w, https:\/\/webshootco.com\/wp-content\/uploads\/2023\/06\/Computer-Programmer.jpg 1200w\" sizes=\"(max-width: 1020px) 100vw, 1020px\" \/>\t\t\t\t\t\t\n\t\t\t\t\t<\/div>\n\t\t\t\t\t\t\t\t\n<style>\n#image_694036014 {\n  width: 96%;\n}\n@media (min-width:850px) {\n  #image_694036014 {\n    width: 100%;\n  }\n}\n<\/style>\n\t<\/div>\n\t\n\n\n\t\t<\/div>\n\t\t\t\t\t<\/div>\n\n\t\n\n\n<style>\n#row-275219368 > .col > .col-inner {\n  padding: 45px 40px 35px 40px;\n}\n@media (min-width:550px) {\n  #row-275219368 > .col > .col-inner {\n    padding: 45px 0px 35px 30px;\n  }\n}\n@media (min-width:850px) {\n  #row-275219368 > .col > .col-inner {\n    padding: 45px 0px 35px 0px;\n  }\n}\n<\/style>\n<\/div>\n\n\t\t<\/div>\n\t\t\t\t\t<\/div>\n\n\t\n\n\n<style>\n#row-828804684 > .col > .col-inner {\n  background-color: rgb(0,0,0);\n}\n<\/style>\n<\/div>\n\n\t\t<\/div>\n\n\t\t\n<style>\n#section_593718322 {\n  padding-top: 60px;\n  padding-bottom: 60px;\n  background-color: rgb(0,0,0);\n}\n<\/style>\n\t<\/section>\n\t\n\n\t<section class=\"section\" id=\"section_2035301406\">\n\t\t<div class=\"section-bg fill\" >\n\t\t\t\t\t\t\t\t\t<div class=\"section-bg-overlay absolute fill\"><\/div>\n\t\t\t\n\t<div class=\"is-border\"\n\t\tstyle=\"border-color:rgb(235, 235, 235);border-width:1px 0px 0px 0px;\">\n\t<\/div>\n\n\t\t<\/div>\n\n\t\t\n\n\t\t<div class=\"section-content relative\">\n\t\t\t\n\n<div class=\"row row-large align-middle align-center\"  id=\"row-1850084993\">\n\n\n\t<div id=\"col-31471801\" class=\"col medium-5 small-12 large-5\"  >\n\t\t\t\t<div class=\"col-inner box-shadow-2 box-shadow-5-hover\" style=\"background-color:rgb(0,0,0);\" >\n\t\t\t\n\t\t\t\n\n\t<div class=\"img has-hover x md-x lg-x y md-y lg-y\" id=\"image_11537686\">\n\t\t\t\t\t\t\t\t<div class=\"img-inner dark\" >\n\t\t\t<img decoding=\"async\" width=\"874\" height=\"578\" src=\"https:\/\/webshootco.com\/wp-content\/uploads\/2023\/06\/Screenshot-1.png\" class=\"attachment-large size-large\" alt=\"\" srcset=\"https:\/\/webshootco.com\/wp-content\/uploads\/2023\/06\/Screenshot-1.png 874w, https:\/\/webshootco.com\/wp-content\/uploads\/2023\/06\/Screenshot-1-510x337.png 510w, https:\/\/webshootco.com\/wp-content\/uploads\/2023\/06\/Screenshot-1-300x198.png 300w, https:\/\/webshootco.com\/wp-content\/uploads\/2023\/06\/Screenshot-1-768x508.png 768w\" sizes=\"(max-width: 874px) 100vw, 874px\" \/>\t\t\t\t\t\t\n\t\t\t\t\t<\/div>\n\t\t\t\t\t\t\t\t\n<style>\n#image_11537686 {\n  width: 100%;\n}\n<\/style>\n\t<\/div>\n\t\n\n\n\t\t<\/div>\n\t\t\t\t\n<style>\n#col-31471801 > .col-inner {\n  padding: 15px 15px 15px 15px;\n}\n<\/style>\n\t<\/div>\n\n\t\n\n\t<div id=\"col-805072264\" class=\"col medium-7 small-12 large-7\"  >\n\t\t\t\t<div class=\"col-inner text-center dark\"  >\n\t\t\t\n\t\t\t\n\n\t<div id=\"text-1001461668\" class=\"text\">\n\t\t\n\n<div class=\"fusion-title title fusion-title-1 fusion-sep-none fusion-title-text fusion-title-size-two page_title\">\n<h2 class=\"title-heading-left fusion-responsive-typography-calculated\">SITES WEB CON\u00c7US SUR MESURE<\/h2>\n<\/div>\n<div class=\"fusion-text fusion-text-1\">\n<p style=\"text-align: left;\">Chez Pearl White Media, nous sommes sp\u00e9cialis\u00e9s dans la conception et le d\u00e9veloppement de sites Web WordPress, Shopify et Magento. Nous allons concevoir votre site Web \u00e0 partir de z\u00e9ro. Nous vous fournirons nos id\u00e9es, nos id\u00e9es et nos recommandations g\u00e9n\u00e9rales issues de notre exp\u00e9rience dans le d\u00e9veloppement de sites Web. En tenant compte de toutes vos id\u00e9es et exigences, nos concepteurs et d\u00e9veloppeurs Web vous guideront tout au long du processus. Regardez vos id\u00e9es se transformer en un site Web enti\u00e8rement fonctionnel qui augmentera vos conversions et vos ventes. Laissez nos concepteurs de sites Web mettre en place la conception de site Web parfaite pour vous. Nous offrons des r\u00e9visions de conception ILLIMIT\u00c9ES jusqu'\u00e0 ce que vous soyez satisfait \u00e0 100 % du produit final. Faites-nous savoir quel type de site Web vous visualisez et nous le r\u00e9aliserons.<\/p>\n<\/div>\n\t\t\n<style>\n#text-1001461668 {\n  font-size: 0.85rem;\n  text-align: left;\n}\n@media (min-width:550px) {\n  #text-1001461668 {\n    font-size: 1rem;\n  }\n}\n<\/style>\n\t<\/div>\n\t\n\n\t\t<\/div>\n\t\t\t\t\t<\/div>\n\n\t\n\n<\/div>\n\n\t\t<\/div>\n\n\t\t\n<style>\n#section_2035301406 {\n  padding-top: 59px;\n  padding-bottom: 59px;\n  min-height: 300px;\n  background-color: rgb(0,0,0);\n}\n#section_2035301406 .section-bg-overlay {\n  background-color: rgba(0, 0, 0, 0.78);\n}\n<\/style>\n\t<\/section>\n\t\n\n\t<section class=\"section\" id=\"section_1826302691\">\n\t\t<div class=\"section-bg fill\" >\n\t\t\t\t\t\t\t\t\t<div class=\"section-bg-overlay absolute fill\"><\/div>\n\t\t\t\n\t<div class=\"is-border\"\n\t\tstyle=\"border-color:rgb(235, 235, 235);border-width:1px 0px 0px 0px;\">\n\t<\/div>\n\n\t\t<\/div>\n\n\t\t\n\n\t\t<div class=\"section-content relative\">\n\t\t\t\n\n<div class=\"row row-large align-middle align-center\"  id=\"row-2101397293\">\n\n\n\t<div id=\"col-1188699329\" class=\"col medium-7 small-12 large-7\"  >\n\t\t\t\t<div class=\"col-inner text-center dark\"  >\n\t\t\t\n\t\t\t\n\n\t<div id=\"text-1541231806\" class=\"text\">\n\t\t\n\n<div class=\"fusion-title title fusion-title-1 fusion-sep-none fusion-title-text fusion-title-size-two page_title\">\n<div class=\"fusion-title title fusion-title-2 fusion-sep-none fusion-title-text fusion-title-size-two page_title\">\n<h2 class=\"title-heading-left fusion-responsive-typography-calculated\">SITE WEB ADAPTATIF<\/h2>\n<\/div>\n<div class=\"fusion-text fusion-text-2\">\n<p>\u00catre r\u00e9actif sur mobile signifie que votre site Web s'affiche bien m\u00eame lorsque les utilisateurs y acc\u00e8dent via leurs appareils portables. Aujourd'hui, de nombreuses personnes ne prennent m\u00eame pas la peine d'allumer leur ordinateur portable ou leur ordinateur de bureau lorsqu'elles effectuent des recherches en ligne. Ils comptent simplement sur leurs appareils mobiles. L'\u00e9quipe de d\u00e9veloppement Web de Webshoot se concentre sur la cr\u00e9ation d'une exp\u00e9rience mobile riche et conviviale. Nous cr\u00e9ons des conceptions Web adapt\u00e9es aux mobiles qui ont fi\u00e8re allure sur tous les appareils et toutes les tailles d'\u00e9cran. Nous simplifions la version mobile en supprimant les fonctionnalit\u00e9s inutiles de la version de bureau pour offrir \u00e0 l'utilisateur final une exp\u00e9rience simple et enrichissante <a href=\"https:\/\/www.pearlwhitemedia.com\/\"><strong>Webshoot\u2019s<\/strong><\/a>\u00a0web development team focuses on creating a rich &amp; user friendly mobile experience. We create mobile friendly web designs that look great on all devices and screen sizes. We simplify the mobile version by removing unnecessary features from the desktop version to give the end user a simple and rewarding experience.<\/p>\n<\/div>\n<\/div>\n\t\t\n<style>\n#text-1541231806 {\n  font-size: 0.85rem;\n  text-align: left;\n}\n@media (min-width:550px) {\n  #text-1541231806 {\n    font-size: 1rem;\n  }\n}\n<\/style>\n\t<\/div>\n\t\n\n\t\t<\/div>\n\t\t\t\t\t<\/div>\n\n\t\n\n\t<div id=\"col-1221547665\" class=\"col medium-5 small-12 large-5\"  >\n\t\t\t\t<div class=\"col-inner box-shadow-2 box-shadow-5-hover\" style=\"background-color:rgb(0,0,0);\" >\n\t\t\t\n\t\t\t\n\n\t<div class=\"img has-hover x md-x lg-x y md-y lg-y\" id=\"image_1907301559\">\n\t\t\t\t\t\t\t\t<div class=\"img-inner dark\" >\n\t\t\t<img decoding=\"async\" width=\"800\" height=\"534\" src=\"https:\/\/webshootco.com\/wp-content\/uploads\/2023\/06\/responsive-website-design-800x534-1.jpg\" class=\"attachment-large size-large\" alt=\"\" srcset=\"https:\/\/webshootco.com\/wp-content\/uploads\/2023\/06\/responsive-website-design-800x534-1.jpg 800w, https:\/\/webshootco.com\/wp-content\/uploads\/2023\/06\/responsive-website-design-800x534-1-510x340.jpg 510w, https:\/\/webshootco.com\/wp-content\/uploads\/2023\/06\/responsive-website-design-800x534-1-300x200.jpg 300w, https:\/\/webshootco.com\/wp-content\/uploads\/2023\/06\/responsive-website-design-800x534-1-768x513.jpg 768w\" sizes=\"(max-width: 800px) 100vw, 800px\" \/>\t\t\t\t\t\t\n\t\t\t\t\t<\/div>\n\t\t\t\t\t\t\t\t\n<style>\n#image_1907301559 {\n  width: 100%;\n}\n<\/style>\n\t<\/div>\n\t\n\n\n\t\t<\/div>\n\t\t\t\t\n<style>\n#col-1221547665 > .col-inner {\n  padding: 15px 15px 15px 15px;\n}\n<\/style>\n\t<\/div>\n\n\t\n\n<\/div>\n\n\t\t<\/div>\n\n\t\t\n<style>\n#section_1826302691 {\n  padding-top: 59px;\n  padding-bottom: 59px;\n  min-height: 300px;\n  background-color: rgb(0,0,0);\n}\n#section_1826302691 .section-bg-overlay {\n  background-color: rgba(0, 0, 0, 0.78);\n}\n<\/style>\n\t<\/section>\n\t\n\n\t<section class=\"section\" id=\"section_1011559644\">\n\t\t<div class=\"section-bg fill\" >\n\t\t\t\t\t\t\t\t\t<div class=\"section-bg-overlay absolute fill\"><\/div>\n\t\t\t\n\t<div class=\"is-border\"\n\t\tstyle=\"border-color:rgb(235, 235, 235);border-width:1px 0px 0px 0px;\">\n\t<\/div>\n\n\t\t<\/div>\n\n\t\t\n\n\t\t<div class=\"section-content relative\">\n\t\t\t\n\n<div class=\"row row-large align-middle align-center\"  id=\"row-834182496\">\n\n\n\t<div id=\"col-255722779\" class=\"col medium-5 small-12 large-5\"  >\n\t\t\t\t<div class=\"col-inner box-shadow-2 box-shadow-5-hover\" style=\"background-color:rgb(0,0,0);\" >\n\t\t\t\n\t\t\t\n\n\t<div class=\"img has-hover x md-x lg-x y md-y lg-y\" id=\"image_968447167\">\n\t\t\t\t\t\t\t\t<div class=\"img-inner dark\" >\n\t\t\t<img loading=\"lazy\" decoding=\"async\" width=\"550\" height=\"410\" src=\"https:\/\/webshootco.com\/wp-content\/uploads\/2023\/06\/check-your-website-speed.jpg\" class=\"attachment-large size-large\" alt=\"\" srcset=\"https:\/\/webshootco.com\/wp-content\/uploads\/2023\/06\/check-your-website-speed.jpg 550w, https:\/\/webshootco.com\/wp-content\/uploads\/2023\/06\/check-your-website-speed-510x380.jpg 510w, https:\/\/webshootco.com\/wp-content\/uploads\/2023\/06\/check-your-website-speed-300x224.jpg 300w\" sizes=\"(max-width: 550px) 100vw, 550px\" \/>\t\t\t\t\t\t\n\t\t\t\t\t<\/div>\n\t\t\t\t\t\t\t\t\n<style>\n#image_968447167 {\n  width: 100%;\n}\n<\/style>\n\t<\/div>\n\t\n\n\n\t\t<\/div>\n\t\t\t\t\n<style>\n#col-255722779 > .col-inner {\n  padding: 15px 15px 15px 15px;\n}\n<\/style>\n\t<\/div>\n\n\t\n\n\t<div id=\"col-2096989542\" class=\"col medium-7 small-12 large-7\"  >\n\t\t\t\t<div class=\"col-inner text-center dark\"  >\n\t\t\t\n\t\t\t\n\n\t<div id=\"text-3116907782\" class=\"text\">\n\t\t\n\n<div class=\"fusion-title title fusion-title-4 fusion-sep-none fusion-title-text fusion-title-size-two page_title\">\n<h2 class=\"title-heading-left fusion-responsive-typography-calculated\">OPTIMIS\u00c9 POUR LA VITESSE<\/h2>\n<\/div>\n<div class=\"fusion-text fusion-text-4\">\n<p>En ce qui concerne la vitesse des pages du site Web, nous nous assurons toujours, lors de la cr\u00e9ation de votre site Web, que votre site est aussi rapide que possible. Non seulement c'est important pour les utilisateurs qui viennent sur votre site, mais c'est aussi d\u00e9sormais tr\u00e8s important aux yeux de Google. Avoir un site Web lent peut maintenant avoir un impact sur le classement de votre site Web, il est donc de la plus haute importance d'avoir un site \u00e0 chargement rapide.<\/p>\n<p>Le temps de chargement id\u00e9al est de 3 secondes ou moins sur ordinateur et mobile. La premi\u00e8re \u00e9tape consiste \u00e0 \u00e9valuer la vitesse de votre page avec\u00a0<a href=\"https:\/\/developers.google.com\/speed\/pagespeed\/insights\/\" target=\"_blank\" rel=\"noopener noreferrer\">Google\u2019s PageSpeed Insights.<\/a>\u00a0Un mauvais UX peut vous co\u00fbter une perte de revenus s'ils doivent attendre trop longtemps pour voir vos produits ou services.<\/p>\n<\/div>\n\t\t\n<style>\n#text-3116907782 {\n  font-size: 0.85rem;\n  text-align: left;\n}\n@media (min-width:550px) {\n  #text-3116907782 {\n    font-size: 1rem;\n  }\n}\n<\/style>\n\t<\/div>\n\t\n\n\t\t<\/div>\n\t\t\t\t\t<\/div>\n\n\t\n\n<\/div>\n\n\t\t<\/div>\n\n\t\t\n<style>\n#section_1011559644 {\n  padding-top: 59px;\n  padding-bottom: 59px;\n  min-height: 300px;\n  background-color: rgb(0,0,0);\n}\n#section_1011559644 .section-bg-overlay {\n  background-color: rgba(0, 0, 0, 0.78);\n}\n<\/style>\n\t<\/section>","protected":false},"excerpt":{"rendered":"","protected":false},"author":1,"featured_media":0,"parent":0,"menu_order":0,"comment_status":"closed","ping_status":"closed","template":"","meta":{"om_disable_all_campaigns":false,"_monsterinsights_skip_tracking":false,"_monsterinsights_sitenote_active":false,"_monsterinsights_sitenote_note":"","_monsterinsights_sitenote_category":0,"footnotes":""},"class_list":["post-136","page","type-page","status-publish","hentry"],"aioseo_notices":[],"jetpack_sharing_enabled":true,"_links":{"self":[{"href":"https:\/\/webshootco.com\/fr\/wp-json\/wp\/v2\/pages\/136","targetHints":{"allow":["GET"]}}],"collection":[{"href":"https:\/\/webshootco.com\/fr\/wp-json\/wp\/v2\/pages"}],"about":[{"href":"https:\/\/webshootco.com\/fr\/wp-json\/wp\/v2\/types\/page"}],"author":[{"embeddable":true,"href":"https:\/\/webshootco.com\/fr\/wp-json\/wp\/v2\/users\/1"}],"replies":[{"embeddable":true,"href":"https:\/\/webshootco.com\/fr\/wp-json\/wp\/v2\/comments?post=136"}],"version-history":[{"count":13,"href":"https:\/\/webshootco.com\/fr\/wp-json\/wp\/v2\/pages\/136\/revisions"}],"predecessor-version":[{"id":621,"href":"https:\/\/webshootco.com\/fr\/wp-json\/wp\/v2\/pages\/136\/revisions\/621"}],"wp:attachment":[{"href":"https:\/\/webshootco.com\/fr\/wp-json\/wp\/v2\/media?parent=136"}],"curies":[{"name":"wp","href":"https:\/\/api.w.org\/{rel}","templated":true}]}}